{"id":1389,"date":"2023-11-15T21:04:12","date_gmt":"2023-11-15T19:04:12","guid":{"rendered":"https:\/\/www.imprentabenidorm.com\/web\/?page_id=1389"},"modified":"2023-11-29T20:17:31","modified_gmt":"2023-11-29T18:17:31","slug":"etiquetas-adhesivas","status":"publish","type":"page","link":"https:\/\/www.imprentabenidorm.com\/web\/etiquetas-adhesivas","title":{"rendered":"Etiquetas adhesivas"},"content":{"rendered":"\t\t<div data-elementor-type=\"wp-page\" data-elementor-id=\"1389\" class=\"elementor elementor-1389\">\n\t\t\t\t\t\t\t<div class=\"elementor-element elementor-element-53fae40 e-flex e-con-boxed e-con e-parent\" data-id=\"53fae40\" data-element_type=\"container\" data-settings=\"{&quot;content_width&quot;:&quot;boxed&quot;}\" data-core-v316-plus=\"true\">\n\t\t\t\t\t<div class=\"e-con-inner\">\n\t\t\t\t\t<\/div>\n\t\t\t\t<\/div>\n\t\t<div class=\"elementor-element elementor-element-28bde70 e-flex e-con-boxed e-con e-parent\" data-id=\"28bde70\" data-element_type=\"container\" data-settings=\"{&quot;background_background&quot;:&quot;classic&quot;,&quot;content_width&quot;:&quot;boxed&quot;}\" data-core-v316-plus=\"true\">\n\t\t\t\t\t<div class=\"e-con-inner\">\n\t\t\t\t\t<\/div>\n\t\t\t\t<\/div>\n\t\t<div class=\"elementor-element elementor-element-e0eb066 e-flex e-con-boxed e-con e-parent\" data-id=\"e0eb066\" data-element_type=\"container\" data-settings=\"{&quot;content_width&quot;:&quot;boxed&quot;}\" data-core-v316-plus=\"true\">\n\t\t\t\t\t<div class=\"e-con-inner\">\n\t\t\t\t<div class=\"elementor-element elementor-element-fbc3ac7 elementor-widget elementor-widget-heading\" data-id=\"fbc3ac7\" data-element_type=\"widget\" data-widget_type=\"heading.default\">\n\t\t\t\t<div class=\"elementor-widget-container\">\n\t\t\t<style>\/*! elementor - v3.18.0 - 20-12-2023 *\/\n.elementor-heading-title{padding:0;margin:0;line-height:1}.elementor-widget-heading .elementor-heading-title[class*=elementor-size-]>a{color:inherit;font-size:inherit;line-height:inherit}.elementor-widget-heading .elementor-heading-title.elementor-size-small{font-size:15px}.elementor-widget-heading .elementor-heading-title.elementor-size-medium{font-size:19px}.elementor-widget-heading .elementor-heading-title.elementor-size-large{font-size:29px}.elementor-widget-heading .elementor-heading-title.elementor-size-xl{font-size:39px}.elementor-widget-heading .elementor-heading-title.elementor-size-xxl{font-size:59px}<\/style><h2 class=\"elementor-heading-title elementor-size-default\">Etiquetas adhesivas<\/h2>\t\t<\/div>\n\t\t\t\t<\/div>\n\t\t\t\t\t<\/div>\n\t\t\t\t<\/div>\n\t\t<div class=\"elementor-element elementor-element-645bc4c e-flex e-con-boxed e-con e-parent\" data-id=\"645bc4c\" data-element_type=\"container\" data-settings=\"{&quot;content_width&quot;:&quot;boxed&quot;}\" data-core-v316-plus=\"true\">\n\t\t\t\t\t<div class=\"e-con-inner\">\n\t\t<div class=\"elementor-element elementor-element-2561224 e-con-full e-flex e-con e-child\" data-id=\"2561224\" data-element_type=\"container\" data-settings=\"{&quot;content_width&quot;:&quot;full&quot;}\">\n\t\t\t\t<div class=\"elementor-element elementor-element-6284cb0 elementor-widget elementor-widget-text-editor\" data-id=\"6284cb0\" data-element_type=\"widget\" data-widget_type=\"text-editor.default\">\n\t\t\t\t<div class=\"elementor-widget-container\">\n\t\t\t<style>\/*! elementor - v3.18.0 - 20-12-2023 *\/\n.elementor-widget-text-editor.elementor-drop-cap-view-stacked .elementor-drop-cap{background-color:#69727d;color:#fff}.elementor-widget-text-editor.elementor-drop-cap-view-framed .elementor-drop-cap{color:#69727d;border:3px solid;background-color:transparent}.elementor-widget-text-editor:not(.elementor-drop-cap-view-default) .elementor-drop-cap{margin-top:8px}.elementor-widget-text-editor:not(.elementor-drop-cap-view-default) .elementor-drop-cap-letter{width:1em;height:1em}.elementor-widget-text-editor .elementor-drop-cap{float:left;text-align:center;line-height:1;font-size:50px}.elementor-widget-text-editor .elementor-drop-cap-letter{display:inline-block}<\/style>\t\t\t\t<p>Hazte notar, tanto para promoci\u00f3n y publicidad, como para envases y embalajes, para personalizar tus productos, etc., Adhesivos y etiquetas para envases, cons\u00faltanos formatos, tipos de papel o material, si est\u00e1n destinadas a una producci\u00f3n automatizada, \u00a0es decir a aplicarse sobre envases en una cadena de producci\u00f3n o simplemente ser\u00e1n un elemento de promoci\u00f3n de tus productos o empresa.<\/p>\t\t\t\t\t\t<\/div>\n\t\t\t\t<\/div>\n\t\t\t\t<\/div>\n\t\t<div class=\"elementor-element elementor-element-8d4c939 e-con-full e-flex e-con e-child\" data-id=\"8d4c939\" data-element_type=\"container\" data-settings=\"{&quot;content_width&quot;:&quot;full&quot;}\">\n\t\t\t\t<div class=\"elementor-element elementor-element-f1d2168 elementor-widget elementor-widget-image\" data-id=\"f1d2168\" data-element_type=\"widget\" data-widget_type=\"image.default\">\n\t\t\t\t<div class=\"elementor-widget-container\">\n\t\t\t<style>\/*! elementor - v3.18.0 - 20-12-2023 *\/\n.elementor-widget-image{text-align:center}.elementor-widget-image a{display:inline-block}.elementor-widget-image a img[src$=\".svg\"]{width:48px}.elementor-widget-image img{vertical-align:middle;display:inline-block}<\/style>\t\t\t\t\t\t\t\t\t\t\t\t<img fetchpriority=\"high\" decoding=\"async\" width=\"700\" height=\"400\" src=\"https:\/\/www.imprentabenidorm.com\/web\/wp-content\/uploads\/2023\/11\/impresion-offset.jpeg\" class=\"attachment-large size-large wp-image-1567\" alt=\"\" srcset=\"https:\/\/www.imprentabenidorm.com\/web\/wp-content\/uploads\/2023\/11\/impresion-offset.jpeg 700w, https:\/\/www.imprentabenidorm.com\/web\/wp-content\/uploads\/2023\/11\/impresion-offset-300x171.jpeg 300w\" sizes=\"(max-width: 700px) 100vw, 700px\" \/>\t\t\t\t\t\t\t\t\t\t\t\t\t\t\t<\/div>\n\t\t\t\t<\/div>\n\t\t\t\t<\/div>\n\t\t\t\t\t<\/div>\n\t\t\t\t<\/div>\n\t\t<div class=\"elementor-element elementor-element-a266377 e-flex e-con-boxed e-con e-parent\" data-id=\"a266377\" data-element_type=\"container\" data-settings=\"{&quot;content_width&quot;:&quot;boxed&quot;}\" data-core-v316-plus=\"true\">\n\t\t\t\t\t<div class=\"e-con-inner\">\n\t\t<div class=\"elementor-element elementor-element-d01a33b e-con-full e-flex e-con e-child\" data-id=\"d01a33b\" data-element_type=\"container\" data-settings=\"{&quot;content_width&quot;:&quot;full&quot;}\">\n\t\t\t\t<div class=\"elementor-element elementor-element-439013b elementor-widget elementor-widget-image\" data-id=\"439013b\" data-element_type=\"widget\" data-widget_type=\"image.default\">\n\t\t\t\t<div class=\"elementor-widget-container\">\n\t\t\t\t\t\t\t\t\t\t\t\t\t\t\t<img decoding=\"async\" width=\"640\" height=\"640\" src=\"https:\/\/www.imprentabenidorm.com\/web\/wp-content\/uploads\/2023\/11\/Et.jpeg\" class=\"attachment-large size-large wp-image-1570\" alt=\"\" srcset=\"https:\/\/www.imprentabenidorm.com\/web\/wp-content\/uploads\/2023\/11\/Et.jpeg 640w, https:\/\/www.imprentabenidorm.com\/web\/wp-content\/uploads\/2023\/11\/Et-300x300.jpeg 300w, https:\/\/www.imprentabenidorm.com\/web\/wp-content\/uploads\/2023\/11\/Et-150x150.jpeg 150w\" sizes=\"(max-width: 640px) 100vw, 640px\" \/>\t\t\t\t\t\t\t\t\t\t\t\t\t\t\t<\/div>\n\t\t\t\t<\/div>\n\t\t\t\t<div class=\"elementor-element elementor-element-6ef258d elementor-widget elementor-widget-heading\" data-id=\"6ef258d\" data-element_type=\"widget\" data-widget_type=\"heading.default\">\n\t\t\t\t<div class=\"elementor-widget-container\">\n\t\t\t<h2 class=\"elementor-heading-title elementor-size-default\">Etiquetas adhesivas<\/h2>\t\t<\/div>\n\t\t\t\t<\/div>\n\t\t\t\t<div class=\"elementor-element elementor-element-9d065eb elementor-widget elementor-widget-text-editor\" data-id=\"9d065eb\" data-element_type=\"widget\" data-widget_type=\"text-editor.default\">\n\t\t\t\t<div class=\"elementor-widget-container\">\n\t\t\t\t\t\t\t<p>Lorem fistrum por la gloria de mi madre esse jarl aliqua llevame al sircoo. De la pradera ullamco qu\u00e9 dise usteer est\u00e1 la cosa muy malar.<\/p>\t\t\t\t\t\t<\/div>\n\t\t\t\t<\/div>\n\t\t\t\t<\/div>\n\t\t<div class=\"elementor-element elementor-element-483a587 e-con-full e-flex e-con e-child\" data-id=\"483a587\" data-element_type=\"container\" data-settings=\"{&quot;content_width&quot;:&quot;full&quot;}\">\n\t\t\t\t<div class=\"elementor-element elementor-element-1452660 elementor-widget elementor-widget-image\" data-id=\"1452660\" data-element_type=\"widget\" data-widget_type=\"image.default\">\n\t\t\t\t<div class=\"elementor-widget-container\">\n\t\t\t\t\t\t\t\t\t\t\t\t\t\t\t<img decoding=\"async\" width=\"640\" height=\"640\" src=\"https:\/\/www.imprentabenidorm.com\/web\/wp-content\/uploads\/2023\/11\/Et002.jpeg\" class=\"attachment-large size-large wp-image-1569\" alt=\"\" srcset=\"https:\/\/www.imprentabenidorm.com\/web\/wp-content\/uploads\/2023\/11\/Et002.jpeg 640w, https:\/\/www.imprentabenidorm.com\/web\/wp-content\/uploads\/2023\/11\/Et002-300x300.jpeg 300w, https:\/\/www.imprentabenidorm.com\/web\/wp-content\/uploads\/2023\/11\/Et002-150x150.jpeg 150w\" sizes=\"(max-width: 640px) 100vw, 640px\" \/>\t\t\t\t\t\t\t\t\t\t\t\t\t\t\t<\/div>\n\t\t\t\t<\/div>\n\t\t\t\t<\/div>\n\t\t<div class=\"elementor-element elementor-element-bf2c8a4 e-con-full e-flex e-con e-child\" data-id=\"bf2c8a4\" data-element_type=\"container\" data-settings=\"{&quot;content_width&quot;:&quot;full&quot;}\">\n\t\t\t\t<div class=\"elementor-element elementor-element-332e374 elementor-widget elementor-widget-image\" data-id=\"332e374\" data-element_type=\"widget\" data-widget_type=\"image.default\">\n\t\t\t\t<div class=\"elementor-widget-container\">\n\t\t\t\t\t\t\t\t\t\t\t\t\t\t\t<img decoding=\"async\" width=\"640\" height=\"640\" src=\"https:\/\/www.imprentabenidorm.com\/web\/wp-content\/uploads\/2023\/11\/Et.jpeg\" class=\"attachment-large size-large wp-image-1570\" alt=\"\" srcset=\"https:\/\/www.imprentabenidorm.com\/web\/wp-content\/uploads\/2023\/11\/Et.jpeg 640w, https:\/\/www.imprentabenidorm.com\/web\/wp-content\/uploads\/2023\/11\/Et-300x300.jpeg 300w, https:\/\/www.imprentabenidorm.com\/web\/wp-content\/uploads\/2023\/11\/Et-150x150.jpeg 150w\" sizes=\"(max-width: 640px) 100vw, 640px\" \/>\t\t\t\t\t\t\t\t\t\t\t\t\t\t\t<\/div>\n\t\t\t\t<\/div>\n\t\t\t\t<\/div>\n\t\t<div class=\"elementor-element elementor-element-4531176 e-con-full e-flex e-con e-child\" data-id=\"4531176\" data-element_type=\"container\" data-settings=\"{&quot;content_width&quot;:&quot;full&quot;}\">\n\t\t\t\t<div class=\"elementor-element elementor-element-299f771 elementor-widget elementor-widget-image\" data-id=\"299f771\" data-element_type=\"widget\" data-widget_type=\"image.default\">\n\t\t\t\t<div class=\"elementor-widget-container\">\n\t\t\t\t\t\t\t\t\t\t\t\t\t\t\t<img decoding=\"async\" width=\"640\" height=\"640\" src=\"https:\/\/www.imprentabenidorm.com\/web\/wp-content\/uploads\/2023\/11\/Et002.jpeg\" class=\"attachment-large size-large wp-image-1569\" alt=\"\" srcset=\"https:\/\/www.imprentabenidorm.com\/web\/wp-content\/uploads\/2023\/11\/Et002.jpeg 640w, https:\/\/www.imprentabenidorm.com\/web\/wp-content\/uploads\/2023\/11\/Et002-300x300.jpeg 300w, https:\/\/www.imprentabenidorm.com\/web\/wp-content\/uploads\/2023\/11\/Et002-150x150.jpeg 150w\" sizes=\"(max-width: 640px) 100vw, 640px\" \/>\t\t\t\t\t\t\t\t\t\t\t\t\t\t\t<\/div>\n\t\t\t\t<\/div>\n\t\t\t\t<\/div>\n\t\t<div class=\"elementor-element elementor-element-94341cd e-con-full e-flex e-con e-child\" data-id=\"94341cd\" data-element_type=\"container\" data-settings=\"{&quot;content_width&quot;:&quot;full&quot;}\">\n\t\t\t\t<div class=\"elementor-element elementor-element-38c2bf1 elementor-widget elementor-widget-image\" data-id=\"38c2bf1\" data-element_type=\"widget\" data-widget_type=\"image.default\">\n\t\t\t\t<div class=\"elementor-widget-container\">\n\t\t\t\t\t\t\t\t\t\t\t\t\t\t\t<img decoding=\"async\" width=\"640\" height=\"640\" src=\"https:\/\/www.imprentabenidorm.com\/web\/wp-content\/uploads\/2023\/11\/Et.jpeg\" class=\"attachment-large size-large wp-image-1570\" alt=\"\" srcset=\"https:\/\/www.imprentabenidorm.com\/web\/wp-content\/uploads\/2023\/11\/Et.jpeg 640w, https:\/\/www.imprentabenidorm.com\/web\/wp-content\/uploads\/2023\/11\/Et-300x300.jpeg 300w, https:\/\/www.imprentabenidorm.com\/web\/wp-content\/uploads\/2023\/11\/Et-150x150.jpeg 150w\" sizes=\"(max-width: 640px) 100vw, 640px\" \/>\t\t\t\t\t\t\t\t\t\t\t\t\t\t\t<\/div>\n\t\t\t\t<\/div>\n\t\t\t\t<\/div>\n\t\t<div class=\"elementor-element elementor-element-6eefa57 e-con-full e-flex e-con e-child\" data-id=\"6eefa57\" data-element_type=\"container\" data-settings=\"{&quot;content_width&quot;:&quot;full&quot;}\">\n\t\t\t\t<div class=\"elementor-element elementor-element-9959a2d elementor-widget elementor-widget-image\" data-id=\"9959a2d\" data-element_type=\"widget\" data-widget_type=\"image.default\">\n\t\t\t\t<div class=\"elementor-widget-container\">\n\t\t\t\t\t\t\t\t\t\t\t\t\t\t\t<img decoding=\"async\" width=\"640\" height=\"640\" src=\"https:\/\/www.imprentabenidorm.com\/web\/wp-content\/uploads\/2023\/11\/Et002.jpeg\" class=\"attachment-large size-large wp-image-1569\" alt=\"\" srcset=\"https:\/\/www.imprentabenidorm.com\/web\/wp-content\/uploads\/2023\/11\/Et002.jpeg 640w, https:\/\/www.imprentabenidorm.com\/web\/wp-content\/uploads\/2023\/11\/Et002-300x300.jpeg 300w, https:\/\/www.imprentabenidorm.com\/web\/wp-content\/uploads\/2023\/11\/Et002-150x150.jpeg 150w\" sizes=\"(max-width: 640px) 100vw, 640px\" \/>\t\t\t\t\t\t\t\t\t\t\t\t\t\t\t<\/div>\n\t\t\t\t<\/div>\n\t\t\t\t<\/div>\n\t\t\t\t\t<\/div>\n\t\t\t\t<\/div>\n\t\t<div class=\"elementor-element elementor-element-f956f3f e-flex e-con-boxed e-con e-parent\" data-id=\"f956f3f\" data-element_type=\"container\" data-settings=\"{&quot;content_width&quot;:&quot;boxed&quot;}\" data-core-v316-plus=\"true\">\n\t\t\t\t\t<div class=\"e-con-inner\">\n\t\t<div class=\"elementor-element elementor-element-ce8d999 e-con-full e-flex e-con e-child\" data-id=\"ce8d999\" data-element_type=\"container\" data-settings=\"{&quot;content_width&quot;:&quot;full&quot;}\">\n\t\t\t\t<\/div>\n\t\t<div class=\"elementor-element elementor-element-7ed5e69 e-con-full e-flex e-con e-child\" data-id=\"7ed5e69\" data-element_type=\"container\" data-settings=\"{&quot;content_width&quot;:&quot;full&quot;}\">\n\t\t<div class=\"elementor-element elementor-element-14f2954 e-flex e-con-boxed e-con e-child\" data-id=\"14f2954\" data-element_type=\"container\" data-settings=\"{&quot;content_width&quot;:&quot;boxed&quot;}\">\n\t\t\t\t\t<div class=\"e-con-inner\">\n\t\t\t\t\t<\/div>\n\t\t\t\t<\/div>\n\t\t<div class=\"elementor-element elementor-element-4e80024 e-flex e-con-boxed e-con e-child\" data-id=\"4e80024\" data-element_type=\"container\" data-settings=\"{&quot;content_width&quot;:&quot;boxed&quot;}\">\n\t\t\t\t\t<div class=\"e-con-inner\">\n\t\t\t\t\t<\/div>\n\t\t\t\t<\/div>\n\t\t\t\t<\/div>\n\t\t\t\t\t<\/div>\n\t\t\t\t<\/div>\n\t\t<div class=\"elementor-element elementor-element-2f15821 e-flex e-con-boxed e-con e-parent\" data-id=\"2f15821\" data-element_type=\"container\" data-settings=\"{&quot;content_width&quot;:&quot;boxed&quot;}\" data-core-v316-plus=\"true\">\n\t\t\t\t\t<div class=\"e-con-inner\">\n\t\t<div class=\"elementor-element elementor-element-ac21fae e-con-full e-flex e-con e-child\" data-id=\"ac21fae\" data-element_type=\"container\" data-settings=\"{&quot;content_width&quot;:&quot;full&quot;}\">\n\t\t\t\t<div class=\"elementor-element elementor-element-3effb7a elementor-widget elementor-widget-heading\" data-id=\"3effb7a\" data-element_type=\"widget\" data-widget_type=\"heading.default\">\n\t\t\t\t<div class=\"elementor-widget-container\">\n\t\t\t<h2 class=\"elementor-heading-title elementor-size-default\">ETIQUETAS  COSTA BLANCA<\/h2>\t\t<\/div>\n\t\t\t\t<\/div>\n\t\t\t\t<\/div>\n\t\t<div class=\"elementor-element elementor-element-b4cd186 e-con-full e-flex e-con e-child\" data-id=\"b4cd186\" data-element_type=\"container\" data-settings=\"{&quot;content_width&quot;:&quot;full&quot;}\">\n\t\t\t\t<div class=\"elementor-element elementor-element-e749029 elementor-widget elementor-widget-text-editor\" data-id=\"e749029\" data-element_type=\"widget\" data-widget_type=\"text-editor.default\">\n\t\t\t\t<div class=\"elementor-widget-container\">\n\t\t\t\t\t\t\t<p>La\u00a0Etiquetas Costa Blanca est\u00e1n fabricadas\u00a0 en adhesivo mate o brillante con acabados en laminado, ademas ofrecemos\u00a0 diferentes formatos y formas, utilizados en productos para comidas cosm\u00e9ticos, eventos, aseo y decoraci\u00f3n, tambi\u00e9n prestamos asesoramiento en dise\u00f1o y materiales para su comodidad de pendiendo de sus requerimientos.<\/p>\t\t\t\t\t\t<\/div>\n\t\t\t\t<\/div>\n\t\t\t\t<\/div>\n\t\t<div class=\"elementor-element elementor-element-3d57de4 e-con-full e-flex e-con e-child\" data-id=\"3d57de4\" data-element_type=\"container\" data-settings=\"{&quot;content_width&quot;:&quot;full&quot;}\">\n\t\t\t\t<div class=\"elementor-element elementor-element-2da2691 elementor-widget elementor-widget-text-editor\" data-id=\"2da2691\" data-element_type=\"widget\" data-widget_type=\"text-editor.default\">\n\t\t\t\t<div class=\"elementor-widget-container\">\n\t\t\t\t\t\t\t<p>Tama\u00f1o: 4 \u2013 5 \u2013 8 di\u00e1metro, Cantidad: 100 unidades m\u00ednimas<br \/>Material:\u00a0 Adhesivos Blanco \u2013 Adhesivo Transparente<br \/>Impresi\u00f3n: Laminado mate o brillante<\/p>\t\t\t\t\t\t<\/div>\n\t\t\t\t<\/div>\n\t\t\t\t<\/div>\n\t\t<div class=\"elementor-element elementor-element-15aa513 e-con-full e-flex e-con e-child\" data-id=\"15aa513\" data-element_type=\"container\" data-settings=\"{&quot;content_width&quot;:&quot;full&quot;}\">\n\t\t\t\t<div class=\"elementor-element elementor-element-2381989 elementor-widget elementor-widget-text-editor\" data-id=\"2381989\" data-element_type=\"widget\" data-widget_type=\"text-editor.default\">\n\t\t\t\t<div class=\"elementor-widget-container\">\n\t\t\t\t\t\t\t<p>Visita nuestro catalogo de productos promocionales<\/p>\t\t\t\t\t\t<\/div>\n\t\t\t\t<\/div>\n\t\t\t\t<div class=\"elementor-element elementor-element-8cdaef7 elementor-widget elementor-widget-heading\" data-id=\"8cdaef7\" data-element_type=\"widget\" data-widget_type=\"heading.default\">\n\t\t\t\t<div class=\"elementor-widget-container\">\n\t\t\t<h2 class=\"elementor-heading-title elementor-size-default\">Observaci\u00f3n <\/h2>\t\t<\/div>\n\t\t\t\t<\/div>\n\t\t\t\t<div class=\"elementor-element elementor-element-85a2b39 elementor-widget elementor-widget-text-editor\" data-id=\"85a2b39\" data-element_type=\"widget\" data-widget_type=\"text-editor.default\">\n\t\t\t\t<div class=\"elementor-widget-container\">\n\t\t\t\t\t\t\t<p>En primer lugar recuerde que su dise\u00f1o debes enviarlo en la medida final y resoluci\u00f3n optima<br \/>Recuerda convertir\u00a0 textos para que no cambien las tipograf\u00edas Como resultado obtendr\u00e1 excelente dise\u00f1o<br \/>Recuerda dise\u00f1ar en modo de color CMYK<\/p>\t\t\t\t\t\t<\/div>\n\t\t\t\t<\/div>\n\t\t\t\t<\/div>\n\t\t\t\t\t<\/div>\n\t\t\t\t<\/div>\n\t\t\t\t\t\t\t<\/div>\n\t\t","protected":false},"excerpt":{"rendered":"<p>Etiquetas adhesivas Hazte notar, tanto para promoci\u00f3n y publicidad, como para envases y embalajes, para personalizar tus productos, etc., Adhesivos y etiquetas para envases, cons\u00faltanos formatos, tipos de papel o material, si est\u00e1n destinadas a una producci\u00f3n automatizada, \u00a0es decir a aplicarse sobre envases en una cadena de producci\u00f3n o simplemente ser\u00e1n un elemento de &hellip;<\/p>\n<p class=\"read-more\"> <a class=\"\" href=\"https:\/\/www.imprentabenidorm.com\/web\/etiquetas-adhesivas\"> <span class=\"screen-reader-text\">Etiquetas adhesivas<\/span> Leer m\u00e1s &raquo;<\/a><\/p>\n","protected":false},"author":2,"featured_media":0,"parent":0,"menu_order":0,"comment_status":"closed","ping_status":"closed","template":"","meta":{"site-sidebar-layout":"no-sidebar","site-content-layout":"","ast-site-content-layout":"full-width-container","site-content-style":"default","site-sidebar-style":"default","ast-global-header-display":"","ast-banner-title-visibility":"","ast-main-header-display":"","ast-hfb-above-header-display":"","ast-hfb-below-header-display":"","ast-hfb-mobile-header-display":"","site-post-title":"disabled","ast-breadcrumbs-content":"","ast-featured-img":"disabled","footer-sml-layout":"","theme-transparent-header-meta":"","adv-header-id-meta":"","stick-header-meta":"","header-above-stick-meta":"","header-main-stick-meta":"","header-below-stick-meta":"","astra-migrate-meta-layouts":"","ast-page-background-enabled":"default","ast-page-background-meta":{"desktop":{"background-color":"var(--ast-global-color-4)","background-image":"","background-repeat":"repeat","background-position":"center center","background-size":"auto","background-attachment":"scroll","background-type":"","background-media":"","overlay-type":"","overlay-color":"","overlay-gradient":""},"tablet":{"background-color":"","background-image":"","background-repeat":"repeat","background-position":"center center","background-size":"auto","background-attachment":"scroll","background-type":"","background-media":"","overlay-type":"","overlay-color":"","overlay-gradient":""},"mobile":{"background-color":"","background-image":"","background-repeat":"repeat","background-position":"center center","background-size":"auto","background-attachment":"scroll","background-type":"","background-media":"","overlay-type":"","overlay-color":"","overlay-gradient":""}},"ast-content-background-meta":{"desktop":{"background-color":"var(--ast-global-color-5)","background-image":"","background-repeat":"repeat","background-position":"center center","background-size":"auto","background-attachment":"scroll","background-type":"","background-media":"","overlay-type":"","overlay-color":"","overlay-gradient":""},"tablet":{"background-color":"var(--ast-global-color-5)","background-image":"","background-repeat":"repeat","background-position":"center center","background-size":"auto","background-attachment":"scroll","background-type":"","background-media":"","overlay-type":"","overlay-color":"","overlay-gradient":""},"mobile":{"background-color":"var(--ast-global-color-5)","background-image":"","background-repeat":"repeat","background-position":"center center","background-size":"auto","background-attachment":"scroll","background-type":"","background-media":"","overlay-type":"","overlay-color":"","overlay-gradient":""}},"footnotes":"","_joinchat":[]},"_links":{"self":[{"href":"https:\/\/www.imprentabenidorm.com\/web\/wp-json\/wp\/v2\/pages\/1389"}],"collection":[{"href":"https:\/\/www.imprentabenidorm.com\/web\/wp-json\/wp\/v2\/pages"}],"about":[{"href":"https:\/\/www.imprentabenidorm.com\/web\/wp-json\/wp\/v2\/types\/page"}],"author":[{"embeddable":true,"href":"https:\/\/www.imprentabenidorm.com\/web\/wp-json\/wp\/v2\/users\/2"}],"replies":[{"embeddable":true,"href":"https:\/\/www.imprentabenidorm.com\/web\/wp-json\/wp\/v2\/comments?post=1389"}],"version-history":[{"count":46,"href":"https:\/\/www.imprentabenidorm.com\/web\/wp-json\/wp\/v2\/pages\/1389\/revisions"}],"predecessor-version":[{"id":2312,"href":"https:\/\/www.imprentabenidorm.com\/web\/wp-json\/wp\/v2\/pages\/1389\/revisions\/2312"}],"wp:attachment":[{"href":"https:\/\/www.imprentabenidorm.com\/web\/wp-json\/wp\/v2\/media?parent=1389"}],"curies":[{"name":"wp","href":"https:\/\/api.w.org\/{rel}","templated":true}]}}