{"id":8,"date":"2008-08-14T00:32:58","date_gmt":"2008-08-13T22:32:58","guid":{"rendered":"http:\/\/www.imprentabenidorm.com\/web\/?page_id=8"},"modified":"2011-10-14T20:29:02","modified_gmt":"2011-10-14T18:29:02","slug":"proceso-de-trabajo","status":"publish","type":"page","link":"https:\/\/www.imprentabenidorm.com\/web\/proceso-de-trabajo","title":{"rendered":"Proceso de trabajo"},"content":{"rendered":"<p style=\"text-align: center;\"><img fetchpriority=\"high\" decoding=\"async\" class=\"alignnone size-full wp-image-22\" title=\"proceso\" src=\"https:\/\/www.imprentabenidorm.com\/web\/wp-content\/uploads\/2008\/08\/proceso.jpg\" alt=\"&lt;\/p&gt;\" width=\"500\" height=\"226\" srcset=\"https:\/\/www.imprentabenidorm.com\/web\/wp-content\/uploads\/2008\/08\/proceso.jpg 595w, https:\/\/www.imprentabenidorm.com\/web\/wp-content\/uploads\/2008\/08\/proceso-300x136.jpg 300w\" sizes=\"(max-width: 500px) 100vw, 500px\" \/><\/p>\n<p>Nuestro flujo de trabajo establece una serie de pasos que garantizan la rapidez y calidad en todos nuestros proyectos, esto nos ayudar\u00e1 a evitar resultados imprevisibles en el producto final.<br \/>\n<strong><br \/>\nPRESUPUESTO<\/strong><\/p>\n<p>Una vez el cliente aprueba el presupuesto solicitado por medio de confirmaci\u00f3n escrita a nuestro departamento comercial, le ser\u00e1 asignado un c\u00f3digo de proyecto mediante el cual identificar\u00e1 su pedido a lo largo de todo el proceso de producci\u00f3n. En el presupuesto se especifican cantidad, tipo de papel, opciones de manipulado y acabado ( grapados, hendidos, troqueles, plastificados, etc )<\/p>\n<p><strong>ENVIO Y\/O COMPOSICI\u00d3N<\/strong><\/p>\n<p>El cliente aporta el original a imprimir y este se prepara para obtener las artes finales ( los archivos deben pasar un control de calidad para comprobar aspectos como la resoluci\u00f3n , color, correcci\u00f3n de textos,etc. Una vez que se obtiene el arte final, se imprimen pruebas de composici\u00f3n y color para la aprobaci\u00f3n por parte del cliente.<\/p>\n<p><strong>PREIMPRESI\u00d3N Y MONTAJE ( solo para impresi\u00f3n offset )<\/strong><\/p>\n<p>La actual tecnolog\u00eda CTP ( Computer to plate ) permite ahorrar tiempo y ganar calidad en este paso, mediante el cual los archivos van directamente desde el ordenador a las planchas utilizadas en la imprenta, simplificando una labor que hasta el momento era laboriosa  y costosa.<\/p>\n<p><strong>IMPRESI\u00d3N OFFSET<\/strong><\/p>\n<p>Nuestras m\u00e1quinas se encuentra calibradas para obtener unos resultados estables y fiables a lo largo de toda la tirada, siendo el \u00faltimo eslab\u00f3n del proceso de gesti\u00f3n de color y cumpliendo con el standar ISO 12647.<\/p>\n<p><strong>IMPRESI\u00d3N DIGITAL Y PLOTTER<\/strong><\/p>\n<p>Para tirada corta ( desde 1 ejemplar hasta 300 ejemplares ) y de gran formato disponemos de m\u00e1quinas preparadas para ofrecer un resultado \u00f3ptimo y asequible. Para grandes formatos disponemos de distintos tipos de soportes y acabados.<\/p>\n<p><strong>MANIPULADO<\/strong><\/p>\n<p>Una vez impreso su trabajo, este pasa al departamento de manipulado y acabado, obteniendo un producto final, acorde a los estandares de calidad marcados por nuestro taller y exigido por nuestros clientes. En este paso se efectua la encuadernaci\u00f3n, grapado, plastificados, barnizado, retractilado, perforado, etc. as\u00ed como su perfecto embalaje para la entrega.<\/p>\n<p><strong>ENV\u00cdO Y ENTREGA:<\/strong><\/p>\n<p>Nuestro taller pone a su disposici\u00f3n env\u00edos que garantizan la entrega en 12 y 24 horas desde su acabado , en su propia empresa, oficina o casa.<\/p>\n<p>Foto:Heidelberg \u00a9<\/p>\n","protected":false},"excerpt":{"rendered":"<p>Nuestro flujo de trabajo establece una serie de pasos que garantizan la rapidez y calidad en todos nuestros proyectos, esto nos ayudar\u00e1 a evitar resultados imprevisibles en el producto final. PRESUPUESTO Una vez el cliente aprueba el presupuesto solicitado por medio de confirmaci\u00f3n escrita a nuestro departamento comercial, le ser\u00e1 asignado un c\u00f3digo de proyecto &hellip;<\/p>\n<p class=\"read-more\"> <a class=\"\" href=\"https:\/\/www.imprentabenidorm.com\/web\/proceso-de-trabajo\"> <span class=\"screen-reader-text\">Proceso de trabajo<\/span> Leer m\u00e1s &raquo;<\/a><\/p>\n","protected":false},"author":1,"featured_media":0,"parent":0,"menu_order":0,"comment_status":"closed","ping_status":"open","template":"","meta":{"site-sidebar-layout":"default","site-content-layout":"","ast-site-content-layout":"","site-content-style":"default","site-sidebar-style":"default","ast-global-header-display":"","ast-banner-title-visibility":"","ast-main-header-display":"","ast-hfb-above-header-display":"","ast-hfb-below-header-display":"","ast-hfb-mobile-header-display":"","site-post-title":"","ast-breadcrumbs-content":"","ast-featured-img":"","footer-sml-layout":"","theme-transparent-header-meta":"","adv-header-id-meta":"","stick-header-meta":"","header-above-stick-meta":"","header-main-stick-meta":"","header-below-stick-meta":"","astra-migrate-meta-layouts":"","ast-page-background-enabled":"default","ast-page-background-meta":{"desktop":{"background-color":"var(--ast-global-color-4)","background-image":"","background-repeat":"repeat","background-position":"center center","background-size":"auto","background-attachment":"scroll","background-type":"","background-media":"","overlay-type":"","overlay-color":"","overlay-gradient":""},"tablet":{"background-color":"","background-image":"","background-repeat":"repeat","background-position":"center center","background-size":"auto","background-attachment":"scroll","background-type":"","background-media":"","overlay-type":"","overlay-color":"","overlay-gradient":""},"mobile":{"background-color":"","background-image":"","background-repeat":"repeat","background-position":"center center","background-size":"auto","background-attachment":"scroll","background-type":"","background-media":"","overlay-type":"","overlay-color":"","overlay-gradient":""}},"ast-content-background-meta":{"desktop":{"background-color":"var(--ast-global-color-5)","background-image":"","background-repeat":"repeat","background-position":"center center","background-size":"auto","background-attachment":"scroll","background-type":"","background-media":"","overlay-type":"","overlay-color":"","overlay-gradient":""},"tablet":{"background-color":"var(--ast-global-color-5)","background-image":"","background-repeat":"repeat","background-position":"center center","background-size":"auto","background-attachment":"scroll","background-type":"","background-media":"","overlay-type":"","overlay-color":"","overlay-gradient":""},"mobile":{"background-color":"var(--ast-global-color-5)","background-image":"","background-repeat":"repeat","background-position":"center center","background-size":"auto","background-attachment":"scroll","background-type":"","background-media":"","overlay-type":"","overlay-color":"","overlay-gradient":""}},"footnotes":"","_joinchat":[]},"_links":{"self":[{"href":"https:\/\/www.imprentabenidorm.com\/web\/wp-json\/wp\/v2\/pages\/8"}],"collection":[{"href":"https:\/\/www.imprentabenidorm.com\/web\/wp-json\/wp\/v2\/pages"}],"about":[{"href":"https:\/\/www.imprentabenidorm.com\/web\/wp-json\/wp\/v2\/types\/page"}],"author":[{"embeddable":true,"href":"https:\/\/www.imprentabenidorm.com\/web\/wp-json\/wp\/v2\/users\/1"}],"replies":[{"embeddable":true,"href":"https:\/\/www.imprentabenidorm.com\/web\/wp-json\/wp\/v2\/comments?post=8"}],"version-history":[{"count":1,"href":"https:\/\/www.imprentabenidorm.com\/web\/wp-json\/wp\/v2\/pages\/8\/revisions"}],"predecessor-version":[{"id":282,"href":"https:\/\/www.imprentabenidorm.com\/web\/wp-json\/wp\/v2\/pages\/8\/revisions\/282"}],"wp:attachment":[{"href":"https:\/\/www.imprentabenidorm.com\/web\/wp-json\/wp\/v2\/media?parent=8"}],"curies":[{"name":"wp","href":"https:\/\/api.w.org\/{rel}","templated":true}]}}