{"id":94,"date":"2008-09-13T11:07:10","date_gmt":"2008-09-13T09:07:10","guid":{"rendered":"http:\/\/www.imprentabenidorm.com\/web\/?page_id=94"},"modified":"2008-09-17T09:26:58","modified_gmt":"2008-09-17T07:26:58","slug":"imprimir","status":"publish","type":"page","link":"https:\/\/www.imprentabenidorm.com\/web\/imprimir","title":{"rendered":"Imprimir"},"content":{"rendered":"<p style=\"text-align: center;\">Aqui podr\u00e1n encontrar un listado de nuestros productos y servicios de imprenta m\u00e1s habituales, si no encuentra el producto o servicio que busca, pongase en <a title=\"Contacte con nosotros\" href=\"https:\/\/www.imprentabenidorm.com\/web\/contacto\" target=\"_self\">contacto<\/a> con nosotros o solicite <a title=\"Presupuesto general\" href=\"https:\/\/www.imprentabenidorm.com\/web\/archives\/81\" target=\"_self\">presupuesto<\/a> , estaremos encantados de proporcionarle la soluci\u00f3n adecuada a su proyecto.<\/p>\n<p><strong>SELECCIONE SU PRODUCTO DE IMPRESI\u00d3N OFFSET O DIGITAL:<\/strong><\/p>\n<p><a title=\"Presupuesto de flyers\" href=\"https:\/\/www.imprentabenidorm.com\/web\/archives\/37\" target=\"_self\"><img decoding=\"async\" class=\"alignnone size-full wp-image-44\" title=\"125x125_flyers\" src=\"https:\/\/www.imprentabenidorm.com\/web\/wp-content\/uploads\/2008\/08\/125x125_flyers.jpg\" alt=\"&lt;\/p&gt;\" width=\"125\" height=\"125\" \/><\/a><a href=\"https:\/\/www.imprentabenidorm.com\/web\/wp-content\/uploads\/2008\/08\/125x125_flyers.jpg\"> <\/a><a title=\"Presupuesto de d\u00edpticos\" href=\"https:\/\/www.imprentabenidorm.com\/web\/archives\/95\" target=\"_self\"><img decoding=\"async\" class=\"alignnone size-full wp-image-43\" title=\"125x125_dipticos\" src=\"https:\/\/www.imprentabenidorm.com\/web\/wp-content\/uploads\/2008\/08\/125x125_dipticos.jpg\" alt=\"&lt;\/p&gt;\" width=\"125\" height=\"125\" \/><\/a> <a title=\"Presupuesto de tripticos\" href=\"https:\/\/www.imprentabenidorm.com\/web\/archives\/96\" target=\"_self\"><img decoding=\"async\" class=\"alignnone size-full wp-image-52\" title=\"125x125_tripticos\" src=\"https:\/\/www.imprentabenidorm.com\/web\/wp-content\/uploads\/2008\/08\/125x125_tripticos.jpg\" alt=\"&lt;\/p&gt;\" width=\"125\" height=\"125\" \/><\/a> <a title=\"Presupuesto de tarjetas\" href=\"https:\/\/www.imprentabenidorm.com\/web\/archives\/98\" target=\"_self\"><img loading=\"lazy\" decoding=\"async\" class=\"alignnone size-full wp-image-50\" title=\"125x125_tarjetas\" src=\"https:\/\/www.imprentabenidorm.com\/web\/wp-content\/uploads\/2008\/08\/125x125_tarjetas.jpg\" alt=\"&lt;\/p&gt;\" width=\"125\" height=\"125\" \/><\/a><br \/>\n<a title=\"Presupuesto de adhesivos\" href=\"https:\/\/www.imprentabenidorm.com\/web\/archives\/74\" target=\"_self\"><img loading=\"lazy\" decoding=\"async\" class=\"alignnone size-full wp-image-38\" title=\"125x125_adhesivos\" src=\"https:\/\/www.imprentabenidorm.com\/web\/wp-content\/uploads\/2008\/08\/125x125_adhesivos.jpg\" alt=\"&lt;\/p&gt;\" width=\"125\" height=\"125\" \/><\/a> <a title=\"Presupuesto de carteles\" href=\"https:\/\/www.imprentabenidorm.com\/web\/archives\/73\" target=\"_self\"><img loading=\"lazy\" decoding=\"async\" class=\"alignnone size-full wp-image-42\" title=\"125x125_carteles\" src=\"https:\/\/www.imprentabenidorm.com\/web\/wp-content\/uploads\/2008\/08\/125x125_carteles.jpg\" alt=\"&lt;\/p&gt;\" width=\"125\" height=\"125\" \/><\/a> <a title=\"Presupuesto de carpetas\" href=\"https:\/\/www.imprentabenidorm.com\/web\/archives\/97\" target=\"_self\"><img loading=\"lazy\" decoding=\"async\" class=\"alignnone size-full wp-image-40\" title=\"125x125_carpetas\" src=\"https:\/\/www.imprentabenidorm.com\/web\/wp-content\/uploads\/2008\/08\/125x125_carpetas.jpg\" alt=\"&lt;\/p&gt;\" width=\"125\" height=\"125\" \/><\/a> <a title=\"Presupuesto de sobres\" href=\"https:\/\/www.imprentabenidorm.com\/web\/archives\/99\" target=\"_self\"><img loading=\"lazy\" decoding=\"async\" class=\"alignnone size-full wp-image-48\" title=\"125x125_sobres\" src=\"https:\/\/www.imprentabenidorm.com\/web\/wp-content\/uploads\/2008\/08\/125x125_sobres.jpg\" alt=\"&lt;\/p&gt;\" width=\"125\" height=\"125\" \/><\/a><br \/>\nConsulte nuestro sistema de <a title=\"Proceso de trabajo\" href=\"https:\/\/www.imprentabenidorm.com\/web\/%C2%BFquienes-somos\/proceso-de-trabajo\" target=\"_self\">trabajo<\/a> y como enviar los documentos para su correcta impresi\u00f3n. Estamos a su disposici\u00f3n para solucionar cualquier duda que tenga relacionada con sus trabajos y el proceso de producci\u00f3n de estos.<\/p>\n","protected":false},"excerpt":{"rendered":"<p>Aqui podr\u00e1n encontrar un listado de nuestros productos y servicios de imprenta m\u00e1s habituales, si no encuentra el producto o servicio que busca, pongase en contacto con nosotros o solicite presupuesto , estaremos encantados de proporcionarle la soluci\u00f3n adecuada a su proyecto. SELECCIONE SU PRODUCTO DE IMPRESI\u00d3N OFFSET O DIGITAL: Consulte nuestro sistema de trabajo &hellip;<\/p>\n<p class=\"read-more\"> <a class=\"\" href=\"https:\/\/www.imprentabenidorm.com\/web\/imprimir\"> <span class=\"screen-reader-text\">Imprimir<\/span> Leer m\u00e1s &raquo;<\/a><\/p>\n","protected":false},"author":1,"featured_media":0,"parent":0,"menu_order":3,"comment_status":"closed","ping_status":"closed","template":"","meta":{"site-sidebar-layout":"default","site-content-layout":"","ast-site-content-layout":"","site-content-style":"default","site-sidebar-style":"default","ast-global-header-display":"","ast-banner-title-visibility":"","ast-main-header-display":"","ast-hfb-above-header-display":"","ast-hfb-below-header-display":"","ast-hfb-mobile-header-display":"","site-post-title":"","ast-breadcrumbs-content":"","ast-featured-img":"","footer-sml-layout":"","theme-transparent-header-meta":"","adv-header-id-meta":"","stick-header-meta":"","header-above-stick-meta":"","header-main-stick-meta":"","header-below-stick-meta":"","astra-migrate-meta-layouts":"","ast-page-background-enabled":"default","ast-page-background-meta":{"desktop":{"background-color":"var(--ast-global-color-4)","background-image":"","background-repeat":"repeat","background-position":"center center","background-size":"auto","background-attachment":"scroll","background-type":"","background-media":"","overlay-type":"","overlay-color":"","overlay-gradient":""},"tablet":{"background-color":"","background-image":"","background-repeat":"repeat","background-position":"center center","background-size":"auto","background-attachment":"scroll","background-type":"","background-media":"","overlay-type":"","overlay-color":"","overlay-gradient":""},"mobile":{"background-color":"","background-image":"","background-repeat":"repeat","background-position":"center center","background-size":"auto","background-attachment":"scroll","background-type":"","background-media":"","overlay-type":"","overlay-color":"","overlay-gradient":""}},"ast-content-background-meta":{"desktop":{"background-color":"var(--ast-global-color-5)","background-image":"","background-repeat":"repeat","background-position":"center center","background-size":"auto","background-attachment":"scroll","background-type":"","background-media":"","overlay-type":"","overlay-color":"","overlay-gradient":""},"tablet":{"background-color":"var(--ast-global-color-5)","background-image":"","background-repeat":"repeat","background-position":"center center","background-size":"auto","background-attachment":"scroll","background-type":"","background-media":"","overlay-type":"","overlay-color":"","overlay-gradient":""},"mobile":{"background-color":"var(--ast-global-color-5)","background-image":"","background-repeat":"repeat","background-position":"center center","background-size":"auto","background-attachment":"scroll","background-type":"","background-media":"","overlay-type":"","overlay-color":"","overlay-gradient":""}},"footnotes":"","_joinchat":[]},"_links":{"self":[{"href":"https:\/\/www.imprentabenidorm.com\/web\/wp-json\/wp\/v2\/pages\/94"}],"collection":[{"href":"https:\/\/www.imprentabenidorm.com\/web\/wp-json\/wp\/v2\/pages"}],"about":[{"href":"https:\/\/www.imprentabenidorm.com\/web\/wp-json\/wp\/v2\/types\/page"}],"author":[{"embeddable":true,"href":"https:\/\/www.imprentabenidorm.com\/web\/wp-json\/wp\/v2\/users\/1"}],"replies":[{"embeddable":true,"href":"https:\/\/www.imprentabenidorm.com\/web\/wp-json\/wp\/v2\/comments?post=94"}],"version-history":[{"count":0,"href":"https:\/\/www.imprentabenidorm.com\/web\/wp-json\/wp\/v2\/pages\/94\/revisions"}],"wp:attachment":[{"href":"https:\/\/www.imprentabenidorm.com\/web\/wp-json\/wp\/v2\/media?parent=94"}],"curies":[{"name":"wp","href":"https:\/\/api.w.org\/{rel}","templated":true}]}}